{"id":727,"date":"2021-11-10T19:02:35","date_gmt":"2021-11-10T16:02:35","guid":{"rendered":"https:\/\/smartstaybeachbodrum.com\/uber-uns\/"},"modified":"2024-03-31T12:22:40","modified_gmt":"2024-03-31T09:22:40","slug":"uber-uns","status":"publish","type":"page","link":"https:\/\/smartcityhotel.com.tr\/de\/uber-uns\/","title":{"rendered":"\u00dcBER UNS"},"content":{"rendered":"<div id='full_slider_1'  class='avia-fullwidth-slider main_color avia-shadow   avia-builder-el-0  el_before_av_one_half  avia-builder-el-first   container_wrap fullsize'  ><div  class='avia-slideshow av-lrtdftkj-c0ae444f60a1292a6f5631fcaba58c4e avia-slideshow-no scaling av_slideshow_full avia-fade-slider av-slideshow-ui av-control-default av-slideshow-autoplay av-loop-endless av-loop-manual-endless av-default-height-applied  image_no_stretch avia-slideshow-1' data-slideshow-options=\"{&quot;animation&quot;:&quot;fade&quot;,&quot;autoplay&quot;:true,&quot;loop_autoplay&quot;:&quot;endless&quot;,&quot;interval&quot;:5,&quot;loop_manual&quot;:&quot;manual-endless&quot;,&quot;autoplay_stopper&quot;:false,&quot;noNavigation&quot;:false,&quot;bg_slider&quot;:false,&quot;transitionSpeed&quot;:1300,&quot;keep_padding&quot;:false,&quot;hoverpause&quot;:false,&quot;show_slide_delay&quot;:0}\"  itemprop=\"image\" itemscope=\"itemscope\" itemtype=\"https:\/\/schema.org\/ImageObject\" ><ul class='avia-slideshow-inner ' style='padding-bottom: 26.041666666667%;'><li  class='avia-slideshow-slide av-lrtdftkj-c0ae444f60a1292a6f5631fcaba58c4e__0  av-single-slide slide-1 slide-odd'><div data-rel='slideshow-1' class='avia-slide-wrap '   ><img decoding=\"async\" class=\"wp-image-1780 avia-img-lazy-loading-not-1780\"  src=\"https:\/\/smartcityhotel.com.tr\/wp-content\/uploads\/2024\/01\/slide-3.jpg\" width=\"1920\" height=\"500\" title='slide-3' alt=''  itemprop=\"thumbnailUrl\" srcset=\"https:\/\/smartcityhotel.com.tr\/wp-content\/uploads\/2024\/01\/slide-3.jpg 1920w, https:\/\/smartcityhotel.com.tr\/wp-content\/uploads\/2024\/01\/slide-3-300x78.jpg 300w, https:\/\/smartcityhotel.com.tr\/wp-content\/uploads\/2024\/01\/slide-3-1030x268.jpg 1030w, https:\/\/smartcityhotel.com.tr\/wp-content\/uploads\/2024\/01\/slide-3-768x200.jpg 768w, https:\/\/smartcityhotel.com.tr\/wp-content\/uploads\/2024\/01\/slide-3-1536x400.jpg 1536w, https:\/\/smartcityhotel.com.tr\/wp-content\/uploads\/2024\/01\/slide-3-1500x391.jpg 1500w, https:\/\/smartcityhotel.com.tr\/wp-content\/uploads\/2024\/01\/slide-3-705x184.jpg 705w\" sizes=\"(max-width: 1920px) 100vw, 1920px\" \/><\/div><\/li><\/ul><\/div><\/div><div id='after_full_slider_1'  class='main_color av_default_container_wrap container_wrap fullsize'  ><div class='container av-section-cont-open' ><div class='template-page content  av-content-full alpha units'><div class='post-entry post-entry-type-page post-entry-727'><div class='entry-content-wrapper clearfix'>\n\n<style type=\"text\/css\" data-created_by=\"avia_inline_auto\" id=\"style-css-av-1kq87-4e91a66766cbc8a42c2dc3de5a48a81a\">\n.flex_column.av-1kq87-4e91a66766cbc8a42c2dc3de5a48a81a{\n-webkit-border-radius:0px 0px 0px 0px;\n-moz-border-radius:0px 0px 0px 0px;\nborder-radius:0px 0px 0px 0px;\npadding:0px 0px 0px 0px;\n}\n<\/style>\n<div class='flex_column av-1kq87-4e91a66766cbc8a42c2dc3de5a48a81a av_one_half  avia-builder-el-1  el_after_av_slideshow_full  el_before_av_one_half  avia-builder-el-first  first flex_column_div av-zero-column-padding '     ><p>\n<style type=\"text\/css\" data-created_by=\"avia_inline_auto\" id=\"style-css-av-kwaqgb98-f03f6e2f38eddaf4be2da3a1719fe4f9\">\n#top .av-special-heading.av-kwaqgb98-f03f6e2f38eddaf4be2da3a1719fe4f9{\npadding-bottom:10px;\n}\nbody .av-special-heading.av-kwaqgb98-f03f6e2f38eddaf4be2da3a1719fe4f9 .av-special-heading-tag .heading-char{\nfont-size:25px;\n}\n.av-special-heading.av-kwaqgb98-f03f6e2f38eddaf4be2da3a1719fe4f9 .av-subheading{\nfont-size:15px;\n}\n<\/style>\n<div  class='av-special-heading av-kwaqgb98-f03f6e2f38eddaf4be2da3a1719fe4f9 av-special-heading-h3  avia-builder-el-2  el_before_av_textblock  avia-builder-el-first '><h3 class='av-special-heading-tag'  itemprop=\"headline\"  >\u00dcBER UNS<\/h3><div class=\"special-heading-border\"><div class=\"special-heading-inner-border\"><\/div><\/div><\/div><br \/>\n<section  class='av_textblock_section av-lufaml2n-92520bafa151ea07122872acdd9559e1'  itemscope=\"itemscope\" itemtype=\"https:\/\/schema.org\/CreativeWork\" ><div class='avia_textblock'  itemprop=\"text\" ><p style=\"text-align: left;\">Das im Herzen von Bodrum gelegene Smart City Suites wurde komplett renoviert, um ein neues Unterkunftserlebnis zu bieten, und empf\u00e4ngt seit Juli 2018 seine G\u00e4ste. Das Smart City Suites liegt ideal im Zentrum von Bodrum f\u00fcr diejenigen, die einen echten Bodrum-Urlaub erleben m\u00f6chten.<\/p>\n<p style=\"text-align: left;\">Wenn Sie Ihren Tag beginnen, \u00f6ffnen Sie Ihre Augen mit dem Blick auf die Burg von Bodrum, die 1406 von den Rittern von St. Jean erbaut wurde. W\u00e4hrend Sie fr\u00fchst\u00fccken, nehmen wir Sie mit auf eine Reise durch die Geschichte und entf\u00fchren Sie in eine romantische Brise bei Sonnenuntergang.<\/p>\n<p style=\"text-align: left;\">Wenn Sie im Smart City Hotel \u00fcbernachten, sind Sie nur 2 Minuten zu Fu\u00df von den Str\u00e4nden und dem Basar im Zentrum von Bodrum, 5 Minuten zu Fu\u00df vom Busbahnhof und 10 Minuten zu Fu\u00df von der Milta Marina entfernt. Au\u00dferdem k\u00f6nnen Sie, wenn Sie m\u00f6chten, in 20 Schritten zum Strand hinuntergehen und leicht Restaurants, Caf\u00e9s und Bars erreichen, die f\u00fcr viele verschiedene Geschm\u00e4cker geeignet sind.<\/p>\n<p style=\"text-align: left;\">Wir freuen uns auf unsere internationalen G\u00e4ste aus Tauchergruppen, Segelsportlern, Flitterw\u00f6chnern und Hochzeitsreisenden aus der ganzen Welt. Bitte rufen Sie uns an, um sich \u00fcber unsere verschiedenen Preisoptionen und geeignete Unterkunftsm\u00f6glichkeiten zu informieren.<\/p>\n<\/div><\/section><\/p><\/div>\n<style type=\"text\/css\" data-created_by=\"avia_inline_auto\" id=\"style-css-av-w8wf-0765dd9c9d3ba0a714075f83f90ee469\">\n.flex_column.av-w8wf-0765dd9c9d3ba0a714075f83f90ee469{\n-webkit-border-radius:0px 0px 0px 0px;\n-moz-border-radius:0px 0px 0px 0px;\nborder-radius:0px 0px 0px 0px;\npadding:0px 0px 0px 0px;\n}\n<\/style>\n<div class='flex_column av-w8wf-0765dd9c9d3ba0a714075f83f90ee469 av_one_half  avia-builder-el-4  el_after_av_one_half  avia-builder-el-last  flex_column_div av-zero-column-padding '     ><\/div><\/p>\n","protected":false},"excerpt":{"rendered":"","protected":false},"author":1,"featured_media":0,"parent":0,"menu_order":0,"comment_status":"closed","ping_status":"closed","template":"","meta":{"_joinchat":[],"footnotes":""},"class_list":["post-727","page","type-page","status-publish","hentry"],"aioseo_notices":[],"_links":{"self":[{"href":"https:\/\/smartcityhotel.com.tr\/de\/wp-json\/wp\/v2\/pages\/727","targetHints":{"allow":["GET"]}}],"collection":[{"href":"https:\/\/smartcityhotel.com.tr\/de\/wp-json\/wp\/v2\/pages"}],"about":[{"href":"https:\/\/smartcityhotel.com.tr\/de\/wp-json\/wp\/v2\/types\/page"}],"author":[{"embeddable":true,"href":"https:\/\/smartcityhotel.com.tr\/de\/wp-json\/wp\/v2\/users\/1"}],"replies":[{"embeddable":true,"href":"https:\/\/smartcityhotel.com.tr\/de\/wp-json\/wp\/v2\/comments?post=727"}],"version-history":[{"count":8,"href":"https:\/\/smartcityhotel.com.tr\/de\/wp-json\/wp\/v2\/pages\/727\/revisions"}],"predecessor-version":[{"id":1950,"href":"https:\/\/smartcityhotel.com.tr\/de\/wp-json\/wp\/v2\/pages\/727\/revisions\/1950"}],"wp:attachment":[{"href":"https:\/\/smartcityhotel.com.tr\/de\/wp-json\/wp\/v2\/media?parent=727"}],"curies":[{"name":"wp","href":"https:\/\/api.w.org\/{rel}","templated":true}]}}